{"id":198,"date":"2020-12-12T18:33:10","date_gmt":"2020-12-12T17:33:10","guid":{"rendered":"https:\/\/olszany.przemyska.pl\/?page_id=198"},"modified":"2020-12-12T18:40:40","modified_gmt":"2020-12-12T17:40:40","slug":"kontakt","status":"publish","type":"page","link":"https:\/\/olszany.przemyska.pl\/?page_id=198","title":{"rendered":"Kontakt"},"content":{"rendered":"<p style=\"text-align: center;\"><strong>Parafia Rzymskokatolicka pod wezwaniem Narodzenia Naj\u015bwi\u0119tszej Maryi Panny w Olszanach<\/strong><\/p>\n<p>&nbsp;<\/p>\n<p style=\"text-align: center;\"><strong>Olszany 31A<\/strong><\/p>\n<p style=\"text-align: center;\"><strong>37-741 Krasiczyn<\/strong><\/p>\n<p style=\"text-align: center;\"><strong>Proboszcz :&nbsp;<\/strong><\/p>\n<p style=\"text-align: center;\"><strong>ks. Zenon Feresz&nbsp;<\/strong><\/p>\n<p style=\"text-align: center;\"><strong>tel.: 790 540 307<\/strong><\/p>\n<p style=\"text-align: center;\"><strong>e-mail : <a href=\"mailto:olszany@przemyska.pl\">olszany@przemyska.pl<\/a><\/strong><\/p>\n<p style=\"text-align: center;\"><strong>nr. konta parafii :<\/strong><\/p>\n<p style=\"text-align: center;\"><strong>Bank Sp\u00f3\u0142dzielczy w \u017burawicy&nbsp;<\/strong><\/p>\n<p style=\"text-align: center;\"><strong>62 9113 1014 2003 5001 4767 0001<\/strong><\/p>\n<p>&nbsp;<\/p>\n<p>&nbsp;<\/p>\n","protected":false},"excerpt":{"rendered":"<p>Parafia Rzymskokatolicka pod wezwaniem Narodzenia Naj\u015bwi\u0119tszej Maryi Panny w Olszanach &nbsp; Olszany 31A 37-741 Krasiczyn Proboszcz :&nbsp; ks. Zenon Feresz&nbsp; tel.: 790 540 307 e-mail : olszany@przemyska.pl nr. konta parafii &#8230;<\/p>\n","protected":false},"author":1,"featured_media":0,"parent":0,"menu_order":0,"comment_status":"closed","ping_status":"closed","template":"","meta":{"footnotes":""},"class_list":["post-198","page","type-page","status-publish","hentry"],"_links":{"self":[{"href":"https:\/\/olszany.przemyska.pl\/index.php?rest_route=\/wp\/v2\/pages\/198","targetHints":{"allow":["GET"]}}],"collection":[{"href":"https:\/\/olszany.przemyska.pl\/index.php?rest_route=\/wp\/v2\/pages"}],"about":[{"href":"https:\/\/olszany.przemyska.pl\/index.php?rest_route=\/wp\/v2\/types\/page"}],"author":[{"embeddable":true,"href":"https:\/\/olszany.przemyska.pl\/index.php?rest_route=\/wp\/v2\/users\/1"}],"replies":[{"embeddable":true,"href":"https:\/\/olszany.przemyska.pl\/index.php?rest_route=%2Fwp%2Fv2%2Fcomments&post=198"}],"version-history":[{"count":5,"href":"https:\/\/olszany.przemyska.pl\/index.php?rest_route=\/wp\/v2\/pages\/198\/revisions"}],"predecessor-version":[{"id":204,"href":"https:\/\/olszany.przemyska.pl\/index.php?rest_route=\/wp\/v2\/pages\/198\/revisions\/204"}],"wp:attachment":[{"href":"https:\/\/olszany.przemyska.pl\/index.php?rest_route=%2Fwp%2Fv2%2Fmedia&parent=198"}],"curies":[{"name":"wp","href":"https:\/\/api.w.org\/{rel}","templated":true}]}}