{"id":44,"date":"2020-10-18T14:08:58","date_gmt":"2020-10-18T12:08:58","guid":{"rendered":"https:\/\/olszany.przemyska.pl\/?page_id=44"},"modified":"2020-12-12T18:28:24","modified_gmt":"2020-12-12T17:28:24","slug":"duszpasterze","status":"publish","type":"page","link":"https:\/\/olszany.przemyska.pl\/?page_id=44","title":{"rendered":"Duszpasterze"},"content":{"rendered":"<p>W parafii dotychczas pracowali nast\u0119puj\u0105cy duszpasterze:<\/p>\n<ul>\n<li><b>ks. Edward Bana\u015b 1970 &#8211; 1980<\/b><\/li>\n<li><b>&nbsp;<\/b><b>ks.<\/b> <b>Franciszek Sur\u00f3wka 1980 &#8211; 1986<\/b><\/li>\n<li><b><b>ks. Roman Niedziela 1986 &#8211; 1991<\/b><br \/><\/b><\/li>\n<li><b><b>ks. Stanis\u0142aw Chrapek 1991 &#8211; 2005<\/b><\/b><\/li>\n<li><b><b>ks. Witold Szmyd 2005 &#8211; 2013<\/b><\/b><\/li>\n<li><b><b>ks. Bogdan Kupczyk 2013 &#8211; 2017<\/b><\/b><\/li>\n<li><b><b>ks. Leszek Dopart 2017 &#8211; 2019<\/b><\/b><\/li>\n<li><b><b>ks. Zenon Feresz 2019 &#8211; obecnie<\/b><\/b><\/li>\n<\/ul>\n","protected":false},"excerpt":{"rendered":"<p>W parafii dotychczas pracowali nast\u0119puj\u0105cy duszpasterze: ks. Edward Bana\u015b 1970 &#8211; 1980 &nbsp;ks. Franciszek Sur\u00f3wka 1980 &#8211; 1986 ks. Roman Niedziela 1986 &#8211; 1991 ks. Stanis\u0142aw Chrapek 1991 &#8211; 2005 &#8230;<\/p>\n","protected":false},"author":1,"featured_media":0,"parent":33,"menu_order":0,"comment_status":"closed","ping_status":"closed","template":"","meta":{"footnotes":""},"class_list":["post-44","page","type-page","status-publish","hentry"],"_links":{"self":[{"href":"https:\/\/olszany.przemyska.pl\/index.php?rest_route=\/wp\/v2\/pages\/44","targetHints":{"allow":["GET"]}}],"collection":[{"href":"https:\/\/olszany.przemyska.pl\/index.php?rest_route=\/wp\/v2\/pages"}],"about":[{"href":"https:\/\/olszany.przemyska.pl\/index.php?rest_route=\/wp\/v2\/types\/page"}],"author":[{"embeddable":true,"href":"https:\/\/olszany.przemyska.pl\/index.php?rest_route=\/wp\/v2\/users\/1"}],"replies":[{"embeddable":true,"href":"https:\/\/olszany.przemyska.pl\/index.php?rest_route=%2Fwp%2Fv2%2Fcomments&post=44"}],"version-history":[{"count":5,"href":"https:\/\/olszany.przemyska.pl\/index.php?rest_route=\/wp\/v2\/pages\/44\/revisions"}],"predecessor-version":[{"id":197,"href":"https:\/\/olszany.przemyska.pl\/index.php?rest_route=\/wp\/v2\/pages\/44\/revisions\/197"}],"up":[{"embeddable":true,"href":"https:\/\/olszany.przemyska.pl\/index.php?rest_route=\/wp\/v2\/pages\/33"}],"wp:attachment":[{"href":"https:\/\/olszany.przemyska.pl\/index.php?rest_route=%2Fwp%2Fv2%2Fmedia&parent=44"}],"curies":[{"name":"wp","href":"https:\/\/api.w.org\/{rel}","templated":true}]}}