{"id":688,"date":"2024-10-29T20:28:31","date_gmt":"2024-10-29T19:28:31","guid":{"rendered":"https:\/\/olszany.przemyska.pl\/?page_id=688"},"modified":"2024-10-29T20:28:31","modified_gmt":"2024-10-29T19:28:31","slug":"ustawa-kamilka","status":"publish","type":"page","link":"https:\/\/olszany.przemyska.pl\/?page_id=688","title":{"rendered":"USTAWA KAMILKA"},"content":{"rendered":"<p><strong>STANDARDY OCHRONY DZIECI W PARAFII&nbsp; <\/strong><\/p>\n<p>&nbsp;<strong>Najwa\u017cniejsze elementy standard\u00f3w ochrony dzieci<\/strong><\/p>\n<p>&nbsp;Standardy ochrony dzieci to zasady, kt\u00f3re maj\u0105 przyczynia\u0107 si\u0119 do tworzenia bezpiecznego \u015brodowiska w taki spos\u00f3b, by ka\u017cde dziecko mog\u0142o si\u0119 czu\u0107 w parafii dobrze, by\u0142o w niej akceptowane i szanowane. Standardy okre\u015blaj\u0105 r\u00f3wnie\u017c spos\u00f3b reagowania na krzywd\u0119 lub niestosowne zachowanie w parafii lub poza ni\u0105, a tak\u017ce wyznaczaj\u0105 spos\u00f3b post\u0119powania z osob\u0105 krzywdzon\u0105 i sprawc\u0105.<\/p>\n<ul>\n<li>Ka\u017cdy osoba w naszej parafii jest odpowiedzialna za tworzenie bezpiecznego \u015brodowiska: ksi\u0105dz, rodzice, dzieci i m\u0142odzie\u017c. Wszyscy razem staraj\u0105 si\u0119 wsp\u00f3\u0142pracowa\u0107 w trosce o dobro wsp\u00f3lne.<\/li>\n<li>Wszystkie dzia\u0142ania powinny by\u0107 podejmowane w trosce o dzieci i m\u0142odzie\u017c, zapewnia\u0107 im poczucie bezpiecze\u0144stwa oraz wspomaga\u0107 ich rozw\u00f3j.<\/li>\n<li>Niedopuszczalne jest stosowanie jakiejkolwiek formy przemocy (fizycznej, psychicznej czy seksualnej) przez pracownik\u00f3w parafii lub dzieci.<\/li>\n<li>Ka\u017cdy sygna\u0142 \u015bwiadcz\u0105cy o tym, \u017ce dziecko mo\u017ce do\u015bwiadcza\u0107 przemocy ze strony osoby doros\u0142ej lub innego dziecka w parafii lub poza ni\u0105, jest zawsze bardzo powa\u017cnie traktowany. Ka\u017cda sytuacja jest odpowiednio badana, a podejmowane dzia\u0142ania maj\u0105 na celu jak najszybsze przerwanie krzywdzenia i udzielenie wsparcia osobie, kt\u00f3ra go do\u015bwiadcza. Szczeg\u00f3lnie wa\u017cn\u0105 cz\u0119\u015bci\u0105 standard\u00f3w s\u0105 zasady bezpiecznych relacji mi\u0119dzy doros\u0142ymi a dzie\u0107mi oraz mi\u0119dzy dzie\u0107mi. Maj\u0105 one s\u0142u\u017cy\u0107 tworzeniu bezpiecznego i przyjaznego \u015brodowiska w parafii.<\/li>\n<li>Podstawow\u0105 zasad\u0105 jest r\u00f3wne traktowanie wszystkich dzieci. Godno\u015b\u0107 ka\u017cdej osoby jest w naszej parafii szanowana. Jednocze\u015bnie uwzgl\u0119dnia si\u0119 wyj\u0105tkowo\u015b\u0107 i indywidualno\u015b\u0107 ka\u017cdej osoby, co wymaga dostosowania metod i podej\u015bcia uwzgl\u0119dniaj\u0105cego jego potrzeby i sytuacj\u0119 \u017cyciow\u0105.<\/li>\n<li>Troska o bezpiecze\u0144stwo i dobre relacje dotyczy r\u00f3wnie\u017c Internetu i komunikacji drog\u0105 elektroniczn\u0105. Parafia dba o to, by dost\u0119p do Internetu by\u0142 bezpieczny, wprowadza rozwi\u0105zania ograniczaj\u0105ce mo\u017cliwo\u015b\u0107 dost\u0119pu do tre\u015bci szkodliwych. Dziecko zawsze mo\u017ce poprosi\u0107 o pomoc, gdy on sam lub kto\u015b inny do\u015bwiadcza krzywdzenia w sieci.<\/li>\n<li>Dzieci i m\u0142odzie\u017c powinny szanowa\u0107 prawo do prywatno\u015bci r\u00f3wie\u015bnik\u00f3w oraz doros\u0142ych, dlatego nie mog\u0105 publikowa\u0107 w przestrzeni internetowej i w swoich mediach spo\u0142eczno\u015bciowych wizerunku innych os\u00f3b bez jej wiedzy i zgody.<\/li>\n<\/ul>\n<p>&nbsp;<strong>Zasady bezpiecznych relacji mi\u0119dzy dzie\u0107mi<\/strong><\/p>\n<p><em>&nbsp;<\/em>Parafia jest miejscem zapewniaj\u0105cym bezpiecze\u0144stwo dzieciom tak\u017ce w grupie r\u00f3wie\u015bniczej. Kieruj\u0105c si\u0119 warto\u015bciami wyp\u0142ywaj\u0105cymi z Ewangelii, staramy si\u0119 wpoi\u0107 naszym parafianom postaw\u0119 szacunku wobec ka\u017cdego cz\u0142owieka \u2013 dzieci i doros\u0142ych. Pragniemy, by w relacjach mi\u0119dzyludzkich bliska by\u0142a im ewangeliczna zasada: \u201eWszystko wi\u0119c, co chcieliby\u015bcie, \u017ceby wam ludzie czynili, i wy im czy\u0144cie\u201d (Mt 7,12a).<\/p>\n<p>&nbsp;<\/p>\n<ol>\n<li><strong><em> R\u00f3wne traktowanie i szacunek dla ka\u017cdej osoby<\/em><\/strong><\/li>\n<\/ol>\n<ul>\n<li>Traktuj innych tak, jak chcesz, aby inni traktowali Ciebie.<\/li>\n<li>Pami\u0119taj, \u017ce ka\u017cda osoba jest kim\u015b wyj\u0105tkowym i szczeg\u00f3lnie obdarowanym przez Boga. Nale\u017c\u0105 si\u0119 jej szacunek i troska o jej dobro.<\/li>\n<li>B\u0105d\u017a tolerancyjny \u2013 szanuj odmienny wygl\u0105d, przekonania, pogl\u0105dy i cechy kole\u017canek\/koleg\u00f3w.<\/li>\n<li>Pami\u0119taj, \u017ce przez r\u00f3\u017cnorodno\u015b\u0107 wzajemnie si\u0119 ubogacamy.<\/li>\n<li>Masz prawo do zabawy i relacji z ka\u017cdym dzieckiem, ale pami\u0119taj, \u017ce nie zawsze inne dziecko ma ch\u0119\u0107 do kontaktu z Tob\u0105 w danym momencie. Uszanuj to.<\/li>\n<li>Zachowaj otwarto\u015b\u0107 i b\u0105d\u017a wra\u017cliwy na wszystkie osoby, nawet je\u015bli nie nale\u017c\u0105 do grona Twoich najbli\u017cszych przyjaci\u00f3\u0142. Nie wykluczaj ich ze wsp\u00f3lnych dzia\u0142a\u0144, rozm\u00f3w i szkolnych aktywno\u015bci.<\/li>\n<\/ul>\n<ol start=\"2\">\n<li><strong><em> Zasady komunikacji mi\u0119dzy dzie\u0107mi<\/em><\/strong><\/li>\n<\/ol>\n<ul>\n<li>Zachowuj \u017cyczliwo\u015b\u0107 i szacunek wobec kole\u017canek\/koleg\u00f3w.<\/li>\n<li>Pami\u0119taj, \u017ce ka\u017cdy ma prawo do wyra\u017cania swojego zdania, my\u015bli i przekona\u0144, o ile nie naruszaj\u0105 one dobra innych os\u00f3b.<\/li>\n<li>S\u0142uchaj innych, gdy m\u00f3wi\u0105. Nie przerywaj innym, gdy si\u0119 wypowiadaj\u0105.<\/li>\n<li>Zachowuj kultur\u0119 s\u0142owa w ka\u017cdej sytuacji.<\/li>\n<li>Stosuj formy grzeczno\u015bciowe.<\/li>\n<li>Pytaj o zgod\u0119 na kontakt fizyczny (przytulenie, pog\u0142askanie).<\/li>\n<\/ul>\n<ol start=\"3\">\n<li><strong><em> Szacunek dla cudzej w\u0142asno\u015bci, prywatno\u015bci i przestrzeni<\/em><\/strong><\/li>\n<\/ol>\n<ul>\n<li>Szanuj rzeczy osobiste i mienie innych os\u00f3b.<\/li>\n<li>Zapytaj, je\u015bli chcesz po\u017cyczy\u0107 od kogo\u015b jak\u0105\u015b rzecz.<\/li>\n<li>Nie przegl\u0105daj prywatnych rzeczy innych os\u00f3b bez ich Ka\u017cdy ma prawo do prywatno\u015bci.<\/li>\n<li>Nie r\u00f3b zdj\u0119\u0107, nie nagrywaj ani nie rozpowszechniaj wizerunku koleg\u00f3w\/kole\u017canek i innych os\u00f3b bez ich wyra\u017anej zgody.<\/li>\n<li>Pami\u0119taj, \u017ce ka\u017cdy ma prawo do przestrzeni osobistej. Je\u015bli inna osoba potrzebuje chwili samotno\u015bci, uszanuj to. Naruszanie tej przestrzeni mo\u017ce rodzi\u0107 konflikty.<\/li>\n<\/ul>\n<ol start=\"4\">\n<li><strong><em> Zakaz stosowania przemocy w jakiejkolwiek formie<\/em><\/strong><\/li>\n<\/ol>\n<ul>\n<li>Nie stwarzaj sytuacji, w kt\u00f3rych kto\u015b czu\u0142by si\u0119 celowo pomijany, izolowany.<\/li>\n<li>Nie stosuj przemocy szturchanie, popychanie, kopanie czy si\u0142owe przy- trzymywanie kolegi\/kole\u017canki naruszaj\u0105 jego\/jej integralno\u015b\u0107 fizyczn\u0105.<\/li>\n<li>Szanuj przestrze\u0144 intymn\u0105 koleg\u00f3w\/kole\u017canek. Nigdy nie dotykaj ich w spos\u00f3b, kt\u00f3ry mo\u017ce by\u0107 uznany za nieprzyzwoity lub niestosowny.<\/li>\n<li>Nie wy\u015bmiewaj, nie obgaduj, nie o\u015bmieszaj, nie zawstydzaj, nie upokarzaj, nie lekcewa\u017c i nie obra\u017caj koleg\u00f3w\/kole\u017canek.<\/li>\n<li>Nie wypowiadaj si\u0119 w spos\u00f3b obra\u017aliwy o rodzicach koleg\u00f3w\/kole\u017canek.<\/li>\n<li>Nie zwracaj si\u0119 w spos\u00f3b wulgarny do innych.<\/li>\n<li>Pami\u0119taj, \u017ce \u017carty s\u0105 wtedy \u017cartami, kiedy nikt z ich powodu nie cierpi. Je\u015bli tak jest, natychmiast zako\u0144cz tak\u0105 zabaw\u0119 s\u0142own\u0105.<\/li>\n<li>Nie nara\u017caj siebie i innych uczni\u00f3w na sytuacje zagra\u017caj\u0105ce \u017cyciu i zdrowiu fizycznemu czy psychicznemu.<\/li>\n<li>Nie wyra\u017caj negatywnych, prze\u015bmiewczych komentarzy na temat zachowania, pracy, wygl\u0105du koleg\u00f3w\/kole\u017canek.<\/li>\n<li>Nie zabieraj rzeczy nale\u017c\u0105cych do innych bez ich zgody.<\/li>\n<\/ul>\n<ol start=\"5\">\n<li><strong><em> Szacunek w kontaktach internetowych i zakaz cyberprzemocy<\/em><\/strong><\/li>\n<\/ol>\n<ul>\n<li>Szanuj innych i traktuj ich tak, jak chcesz, by traktowali Ciebie \u2013 dotyczy to wszystkich typ\u00f3w Twojej aktywno\u015bci w Po drugiej stronie ekranu jest drugi cz\u0142owiek.<\/li>\n<li>Pami\u0119taj, \u017ce cyberprzemoc cz\u0119sto zaczyna si\u0119 od dw. \u201eniewinnych \u017cart\u00f3w\u201d. Nie ka\u017cdy ma takie samo poczucie humoru. Uwa\u017caj na to, co piszesz i co publikujesz, w Internecie nic nie ginie. W \u015bwiecie wirtualnym \u0142atwo poruszy\u0107 lawin\u0119 wzajemnych niech\u0119ci, co mo\u017ce doprowadzi\u0107 do konkretnej formy przemocy.<\/li>\n<li>Nie udost\u0119pniaj kontakt\u00f3w do innych os\u00f3b (telefonicznych, mailowych) bez ich zgody.<\/li>\n<li>Dbaj o sw\u00f3j oraz innych wizerunek w sieci \u2013 nie publikuj wra\u017cliwych danych, powierzonych ci informacji oraz zdj\u0119\u0107 i film\u00f3w o\u015bmieszaj\u0105cych innych. Szanuj ich prywatno\u015b\u0107.<\/li>\n<li>Chro\u0144 intymno\u015b\u0107 swoj\u0105 i innych. Nie wysy\u0142aj i nie udost\u0119pniaj zdj\u0119\u0107 lub film\u00f3w, kt\u00f3re by j\u0105 narusza\u0142y.<\/li>\n<li>Sprzeciwiaj si\u0119 hejtowi, sam nie publikuj obra\u017caj\u0105cych i agresywnych komentarzy oraz reaguj, gdy zauwa\u017cysz, \u017ce kto\u015b jest poni\u017cany w Nie przesy\u0142aj dalej o\u015bmieszaj\u0105cych wiadomo\u015bci. Zg\u0142o\u015b takie dzia\u0142ania odpowiednim osobom.<\/li>\n<li>Nie prowokuj innych do niepotrzebnych, nieuzasadnionych k\u0142\u00f3tni. Trolling, \u015bwiadome poni\u017canie, n\u0119kanie i zaczepki s\u0105 zachowaniami niedopuszczalnymi.<\/li>\n<li>Nie wykluczaj swoich r\u00f3wie\u015bnik\u00f3w z grup w mediach spo\u0142eczno\u015bciowych z powodu swoich prywatnych niech\u0119ci.<\/li>\n<li>Nie podszywaj si\u0119 w Internecie pod inne osoby. Takie zachowanie w cyberprzestrzeni jest kradzie\u017c\u0105 to\u017csamo\u015bci. To jest przest\u0119pstwo.<\/li>\n<li>Je\u017celi zauwa\u017cysz, \u017ce kto\u015b nie wylogowa\u0142 si\u0119 ze swojego konta, nie wykorzystuj tej sytuacji do dzia\u0142a\u0144, kt\u00f3re przynios\u0142yby mu szkod\u0119, ale \u017cyczliwie poinformuj go o jego nieuwadze.<\/li>\n<li>Pami\u0119taj, \u017ce gro\u017aby, pom\u00f3wienia, nawo\u0142ywanie do nienawi\u015bci, prze\u015bladowanie, o\u015bmieszanie w cyberprzestrzeni tak\u017ce s\u0105 karalne. Twoje dzia\u0142ania w sieci nie s\u0105 anonimowe.<\/li>\n<\/ul>\n<ol start=\"6\">\n<li><strong><em> Sposoby pokojowego rozwi\u0105zywania konflikt\u00f3w<\/em><\/strong><\/li>\n<\/ol>\n<ul>\n<li>Wycisz si\u0119, uspok\u00f3j, zatrzymaj niepotrzebn\u0105 k\u0142\u00f3tni\u0119, zanim stracisz nad sob\u0105 kontrol\u0119. Zastan\u00f3w si\u0119, co chcesz osi\u0105gn\u0105\u0107. Je\u015bli to mo\u017cliwe, podejmij spokojn\u0105 rozmow\u0119 z drug\u0105 stron\u0105.<\/li>\n<li>Um\u00f3w si\u0119 na rozmow\u0119 w bardziej stosownych warunkach, w ten spos\u00f3b zyskasz czas na konstruktywny dialog.<\/li>\n<li>Powiedz, co wed\u0142ug Ciebie jest problemem, co przyczyn\u0105 nieporozumienia, czego oczekujesz.<\/li>\n<li>S\u0142uchaj drugiej Dopytaj o jej odczucia i oczekiwania. Podsumuj to, co us\u0142ysza\u0142a\u015b\/us\u0142ysza\u0142e\u015b dla upewnienia si\u0119, czy dobrze zrozumia\u0142e\u015b\/zrozumia\u0142a\u015b jej komunikat.<\/li>\n<li>Upewnij si\u0119, \u017ce Tw\u00f3j rozm\u00f3wca powiedzia\u0142 wszystko odno\u015bnie do swoich odczu\u0107.<\/li>\n<li>Wsp\u00f3lnie wymy\u015blcie rozwi\u0105zanie satysfakcjonuj\u0105ce obie strony.<\/li>\n<li>Je\u015bli nie uda si\u0119 Wam doj\u015b\u0107 do porozumienia, popro\u015b o pomoc osob\u0119 doros\u0142\u0105, aktualnego opiekuna grupy. Porozmawiaj o tym z Twoimi rodzicami. Nie rozwi\u0105zuj konfliktu samodzielnie.<\/li>\n<li>Nie b\u0105d\u017a oboj\u0119tny, gdy komu\u015b dzieje si\u0119 Zawsze poinformuj o tym osob\u0119 doros\u0142\u0105.<\/li>\n<\/ul>\n<p><strong>Osoby i miejsca, gdzie mo\u017cna uzyska\u0107 pomoc<\/strong><\/p>\n<p>W sytuacji gdy:<\/p>\n<ul>\n<li>do\u015bwiadczasz przemocy ze strony osoby doros\u0142ej lub innego dziecka w parafii lub poza ni\u0105,<\/li>\n<li>jeste\u015b \u015bwiadkiem krzywdzenia innej osoby,<\/li>\n<li>dzieje si\u0119 co\u015b niepokoj\u0105cego,<\/li>\n<li>prze\u017cywasz trudne chwile,<\/li>\n<\/ul>\n<p>nie zostawaj z tym sam\/sama. Mo\u017cesz znale\u017a\u0107 wsparcie. Blisko Ciebie s\u0105 osoby, kt\u00f3re b\u0119d\u0105 umia\u0142y Ci pom\u00f3c.<\/p>\n<p>\u2013 ksi\u0105dz proboszcz Zenon Feresz (nr tel.:790540307);<\/p>\n<ul>\n<li>Mo\u017cesz te\u017c szuka\u0107 wsparcia poza parafi\u0105. Warto zna\u0107 telefony zaufania i miejsca, w kt\u00f3rych mo\u017cesz uzyska\u0107 fachow\u0105 pomoc:<\/li>\n<li><strong>800-12-12-12&nbsp;<\/strong>\u2013 ca\u0142odobowy Dzieci\u0119cy Telefon Zaufania Rzecznika Praw Dziecka;<\/li>\n<li><strong>116-111<\/strong>\u2013 ca\u0142odobowy telefon zaufania dla dzieci i m\u0142odzie\u017cy prowadzony przez Fundacj\u0119 Dajemy Dzieciom Si\u0142\u0119;<\/li>\n<li><strong>112<\/strong>\u2013 numer alarmowy w sytuacji zagro\u017cenia \u017cycia lub zdrowia.<\/li>\n<\/ul>\n","protected":false},"excerpt":{"rendered":"<p>STANDARDY OCHRONY DZIECI W PARAFII&nbsp; &nbsp;Najwa\u017cniejsze elementy standard\u00f3w ochrony dzieci &nbsp;Standardy ochrony dzieci to zasady, kt\u00f3re maj\u0105 przyczynia\u0107 si\u0119 do tworzenia bezpiecznego \u015brodowiska w taki spos\u00f3b, by ka\u017cde dziecko mog\u0142o &#8230;<\/p>\n","protected":false},"author":1,"featured_media":0,"parent":33,"menu_order":0,"comment_status":"closed","ping_status":"closed","template":"","meta":{"footnotes":""},"class_list":["post-688","page","type-page","status-publish","hentry"],"_links":{"self":[{"href":"https:\/\/olszany.przemyska.pl\/index.php?rest_route=\/wp\/v2\/pages\/688","targetHints":{"allow":["GET"]}}],"collection":[{"href":"https:\/\/olszany.przemyska.pl\/index.php?rest_route=\/wp\/v2\/pages"}],"about":[{"href":"https:\/\/olszany.przemyska.pl\/index.php?rest_route=\/wp\/v2\/types\/page"}],"author":[{"embeddable":true,"href":"https:\/\/olszany.przemyska.pl\/index.php?rest_route=\/wp\/v2\/users\/1"}],"replies":[{"embeddable":true,"href":"https:\/\/olszany.przemyska.pl\/index.php?rest_route=%2Fwp%2Fv2%2Fcomments&post=688"}],"version-history":[{"count":1,"href":"https:\/\/olszany.przemyska.pl\/index.php?rest_route=\/wp\/v2\/pages\/688\/revisions"}],"predecessor-version":[{"id":689,"href":"https:\/\/olszany.przemyska.pl\/index.php?rest_route=\/wp\/v2\/pages\/688\/revisions\/689"}],"up":[{"embeddable":true,"href":"https:\/\/olszany.przemyska.pl\/index.php?rest_route=\/wp\/v2\/pages\/33"}],"wp:attachment":[{"href":"https:\/\/olszany.przemyska.pl\/index.php?rest_route=%2Fwp%2Fv2%2Fmedia&parent=688"}],"curies":[{"name":"wp","href":"https:\/\/api.w.org\/{rel}","templated":true}]}}